{"id":578,"date":"2024-11-15T13:04:47","date_gmt":"2024-11-15T13:04:47","guid":{"rendered":"https:\/\/chucaotech.com\/?page_id=578"},"modified":"2025-01-20T15:44:44","modified_gmt":"2025-01-20T18:44:44","slug":"nanoburbujas","status":"publish","type":"page","link":"https:\/\/chucaotech.com\/en\/nanoburbujas\/","title":{"rendered":"Nanobubbles"},"content":{"rendered":"<div data-elementor-type=\"wp-page\" data-elementor-id=\"578\" class=\"elementor elementor-578\" data-elementor-settings=\"{&quot;ha_cmc_init_switcher&quot;:&quot;no&quot;}\">\n\t\t\t\t<div class=\"elementor-element elementor-element-16316ab e-flex e-con-boxed e-con e-parent\" data-id=\"16316ab\" data-element_type=\"container\" data-e-type=\"container\" data-settings=\"{&quot;_ha_eqh_enable&quot;:false}\">\n\t\t\t\t\t<div class=\"e-con-inner\">\n\t\t<div class=\"elementor-element elementor-element-f3e80b6 e-con-full e-flex e-con e-child\" data-id=\"f3e80b6\" data-element_type=\"container\" data-e-type=\"container\" data-settings=\"{&quot;_ha_eqh_enable&quot;:false}\">\n\t\t\t\t<div class=\"elementor-element elementor-element-7134b52 elementor-widget elementor-widget-jkit_heading\" data-id=\"7134b52\" data-element_type=\"widget\" data-e-type=\"widget\" data-widget_type=\"jkit_heading.default\">\n\t\t\t\t<div class=\"elementor-widget-container\">\n\t\t\t\t\t<div  class=\"jeg-elementor-kit jkit-heading  align-center align-tablet- align-mobile- jeg_module___69f5a4a60b1d1\" ><div class=\"heading-section-title  display-inline-block\"><h2 class=\"heading-title\">Nanobubbles<\/h2><\/div><\/div>\t\t\t\t<\/div>\n\t\t\t\t<\/div>\n\t\t\t\t<div class=\"elementor-element elementor-element-41def38 elementor-widget elementor-widget-text-editor\" data-id=\"41def38\" data-element_type=\"widget\" data-e-type=\"widget\" data-widget_type=\"text-editor.default\">\n\t\t\t\t<div class=\"elementor-widget-container\">\n\t\t\t\t\t\t\t\t\t<p>Explore how our nanobubble-based solutions can boost the efficiency and sustainability of your processes. <br \/>At Chucaotech, we are committed to innovation that drives change towards a cleaner and more responsible future.<\/p>\t\t\t\t\t\t\t\t<\/div>\n\t\t\t\t<\/div>\n\t\t\t\t<\/div>\n\t\t\t\t\t<\/div>\n\t\t\t\t<\/div>\n\t\t<div class=\"elementor-element elementor-element-24b3b49 e-con-full e-flex e-con e-parent\" data-id=\"24b3b49\" data-element_type=\"container\" data-e-type=\"container\" data-settings=\"{&quot;background_background&quot;:&quot;classic&quot;,&quot;_ha_eqh_enable&quot;:false}\">\n\t\t<div class=\"elementor-element elementor-element-0aa01f9 e-con-full e-flex e-con e-child\" data-id=\"0aa01f9\" data-element_type=\"container\" data-e-type=\"container\" data-settings=\"{&quot;background_background&quot;:&quot;classic&quot;,&quot;_ha_eqh_enable&quot;:false}\">\n\t\t<div class=\"elementor-element elementor-element-dce0f04 e-con-full e-flex e-con e-child\" data-id=\"dce0f04\" data-element_type=\"container\" data-e-type=\"container\" data-settings=\"{&quot;_ha_eqh_enable&quot;:false}\">\n\t\t\t\t<div class=\"elementor-element elementor-element-f00d464 elementor-widget elementor-widget-jkit_heading\" data-id=\"f00d464\" data-element_type=\"widget\" data-e-type=\"widget\" data-widget_type=\"jkit_heading.default\">\n\t\t\t\t<div class=\"elementor-widget-container\">\n\t\t\t\t\t<div  class=\"jeg-elementor-kit jkit-heading  align-center align-tablet- align-mobile- jeg_module__1_69f5a4a60d792\" ><h3 class=\"heading-section-subtitle  style-color\">Technology Nanobubbles<\/h3><div class=\"heading-section-title  display-inline-block\"><h2 class=\"heading-title\">The Nanobubbles have unique properties<\/h2><\/div><\/div>\t\t\t\t<\/div>\n\t\t\t\t<\/div>\n\t\t<div class=\"elementor-element elementor-element-b4b69ae e-con-full e-flex e-con e-child\" data-id=\"b4b69ae\" data-element_type=\"container\" data-e-type=\"container\" data-settings=\"{&quot;_ha_eqh_enable&quot;:false}\">\n\t\t<div class=\"elementor-element elementor-element-81ec420 e-con-full e-flex e-con e-child\" data-id=\"81ec420\" data-element_type=\"container\" data-e-type=\"container\" data-settings=\"{&quot;_ha_eqh_enable&quot;:false}\">\n\t\t<div class=\"elementor-element elementor-element-04693f0 e-con-full e-flex e-con e-child\" data-id=\"04693f0\" data-element_type=\"container\" data-e-type=\"container\" data-settings=\"{&quot;_ha_eqh_enable&quot;:false}\">\n\t\t\t\t<div class=\"elementor-element elementor-element-58081ab elementor-widget elementor-widget-image\" data-id=\"58081ab\" data-element_type=\"widget\" data-e-type=\"widget\" data-widget_type=\"image.default\">\n\t\t\t\t<div class=\"elementor-widget-container\">\n\t\t\t\t\t\t\t\t\t\t\t\t\t\t\t<img fetchpriority=\"high\" decoding=\"async\" width=\"800\" height=\"511\" src=\"https:\/\/chucaotech.com\/wp-content\/uploads\/2025\/08\/Burbujas.png\" class=\"attachment-large size-large wp-image-590\" alt=\"\" srcset=\"https:\/\/chucaotech.com\/wp-content\/uploads\/2025\/08\/Burbujas.png 908w, https:\/\/chucaotech.com\/wp-content\/uploads\/2025\/08\/Burbujas-300x192.png 300w, https:\/\/chucaotech.com\/wp-content\/uploads\/2025\/08\/Burbujas-768x491.png 768w, https:\/\/chucaotech.com\/wp-content\/uploads\/2025\/08\/Burbujas-18x12.png 18w\" sizes=\"(max-width: 800px) 100vw, 800px\" \/>\t\t\t\t\t\t\t\t\t\t\t\t\t\t\t<\/div>\n\t\t\t\t<\/div>\n\t\t\t\t<\/div>\n\t\t<div class=\"elementor-element elementor-element-148fd92 e-con-full e-flex e-con e-child\" data-id=\"148fd92\" data-element_type=\"container\" data-e-type=\"container\" data-settings=\"{&quot;_ha_eqh_enable&quot;:false}\">\n\t\t\t\t<div class=\"elementor-element elementor-element-b9a007b elementor-widget elementor-widget-jkit_heading\" data-id=\"b9a007b\" data-element_type=\"widget\" data-e-type=\"widget\" data-widget_type=\"jkit_heading.default\">\n\t\t\t\t<div class=\"elementor-widget-container\">\n\t\t\t\t\t<div  class=\"jeg-elementor-kit jkit-heading  align-left align-tablet- align-mobile- jeg_module__2_69f5a4a60eb60\" ><div class=\"heading-section-title  display-inline-block\"><h2 class=\"heading-title\"><\/h2><\/div><div class=\"heading-section-description\"><p>The nano-bubbles are bubbles ultra-small (less than 100 nanometers), which, unlike the bubbles are normal, they are more stable and remain active in the water for more time. This allows for a better distribution and efficiency in the delivery of gases such as oxygen, making them ideal for applications in aquaculture, wastewater treatment and agriculture.<\/p><\/div><\/div>\t\t\t\t<\/div>\n\t\t\t\t<\/div>\n\t\t\t\t<div class=\"elementor-element elementor-element-3866d7e jkit-equal-height-disable elementor-invisible elementor-widget elementor-widget-jkit_icon_box\" data-id=\"3866d7e\" data-element_type=\"widget\" data-e-type=\"widget\" data-settings=\"{&quot;_animation&quot;:&quot;fadeInRight&quot;,&quot;_animation_delay&quot;:500}\" data-widget_type=\"jkit_icon_box.default\">\n\t\t\t\t<div class=\"elementor-widget-container\">\n\t\t\t\t\t<div  class=\"jeg-elementor-kit jkit-icon-box icon-position-left elementor-animation- jeg_module__3_69f5a4a612941\" ><div class=\"jkit-icon-box-wrapper hover-from-left\"><div class=\"icon-box icon-box-header elementor-animation-shrink\"><div class=\"icon style-color\"><i aria-hidden=\"true\" class=\"hm hm-arrow-right\"><\/i><\/div><\/div><div class=\"icon-box icon-box-body\">\n                <h2 class=\"title\">Features<\/h2><p class=\"icon-box-description\"><b>\u00b7 Enhanced stability: <\/b> Stay active in the water for a longer time, improving efficiency in the delivery of oxygen and other gases.<br>\n<b>\u00b7 Antimicrobial effect: <\/b>Can reduce bacteria and pathogens in the water, promoting a healthier environment.<br>\n<b>\u00b7 Better absorption of oxygen:  <\/b>Facilitate oxygenation more uniform and constant, ideal for applications in aquaculture and agriculture.<br>\n<b>\u00b7 Savings of resources: <\/b> Require the least amount of gas to achieve desired effects, optimizing costs and energy consumption.<\/p>\n            <\/div>\n            \n            <\/div><\/div>\t\t\t\t<\/div>\n\t\t\t\t<\/div>\n\t\t\t\t<\/div>\n\t\t\t\t<\/div>\n\t\t\t\t<\/div>\n\t\t\t\t<\/div>\n\t\t\t\t<\/div>\n\t\t\t\t<\/div>\n\t\t\t\t<\/div>","protected":false},"excerpt":{"rendered":"<p>Nanoburbujas Explora c\u00f3mo nuestras soluciones basadas en nanoburbujas pueden potenciar la eficiencia y sostenibilidad de tus procesos. En Chucaotech, estamos comprometidos con la innovaci\u00f3n que impulsa el cambio hacia un futuro m\u00e1s limpio y responsable. Tecnolog\u00eda Nanoburbujas Las Nanoburbujas poseen propiedades \u00fanicas Las nanoburbujas son burbujas ultra peque\u00f1as (menores de 100 nan\u00f3metros) que, a diferencia [&hellip;]<\/p>\n","protected":false},"author":2,"featured_media":0,"parent":0,"menu_order":0,"comment_status":"closed","ping_status":"closed","template":"elementor_header_footer","meta":{"footnotes":""},"class_list":["post-578","page","type-page","status-publish","hentry"],"_links":{"self":[{"href":"https:\/\/chucaotech.com\/en\/wp-json\/wp\/v2\/pages\/578","targetHints":{"allow":["GET"]}}],"collection":[{"href":"https:\/\/chucaotech.com\/en\/wp-json\/wp\/v2\/pages"}],"about":[{"href":"https:\/\/chucaotech.com\/en\/wp-json\/wp\/v2\/types\/page"}],"author":[{"embeddable":true,"href":"https:\/\/chucaotech.com\/en\/wp-json\/wp\/v2\/users\/2"}],"replies":[{"embeddable":true,"href":"https:\/\/chucaotech.com\/en\/wp-json\/wp\/v2\/comments?post=578"}],"version-history":[{"count":16,"href":"https:\/\/chucaotech.com\/en\/wp-json\/wp\/v2\/pages\/578\/revisions"}],"predecessor-version":[{"id":1663,"href":"https:\/\/chucaotech.com\/en\/wp-json\/wp\/v2\/pages\/578\/revisions\/1663"}],"wp:attachment":[{"href":"https:\/\/chucaotech.com\/en\/wp-json\/wp\/v2\/media?parent=578"}],"curies":[{"name":"wp","href":"https:\/\/api.w.org\/{rel}","templated":true}]}}