{"id":639,"date":"2024-11-21T16:00:59","date_gmt":"2024-11-21T16:00:59","guid":{"rendered":"https:\/\/chucaotech.com\/?page_id=639"},"modified":"2024-11-27T14:31:05","modified_gmt":"2024-11-27T17:31:05","slug":"politica-de-privacidad","status":"publish","type":"page","link":"https:\/\/chucaotech.com\/en\/politica-de-privacidad\/","title":{"rendered":"Privacy policy"},"content":{"rendered":"<div data-elementor-type=\"wp-page\" data-elementor-id=\"639\" class=\"elementor elementor-639\" data-elementor-settings=\"{&quot;ha_cmc_init_switcher&quot;:&quot;no&quot;}\">\n\t\t\t\t<div class=\"elementor-element elementor-element-3494df14 e-flex e-con-boxed e-con e-parent\" data-id=\"3494df14\" data-element_type=\"container\" data-e-type=\"container\" data-settings=\"{&quot;_ha_eqh_enable&quot;:false}\">\n\t\t\t\t\t<div class=\"e-con-inner\">\n\t\t<div class=\"elementor-element elementor-element-65b6f17f e-con-full e-flex e-con e-child\" data-id=\"65b6f17f\" data-element_type=\"container\" data-e-type=\"container\" data-settings=\"{&quot;_ha_eqh_enable&quot;:false}\">\n\t\t\t\t<div class=\"elementor-element elementor-element-6e8235f elementor-widget elementor-widget-jkit_heading\" data-id=\"6e8235f\" data-element_type=\"widget\" data-e-type=\"widget\" data-widget_type=\"jkit_heading.default\">\n\t\t\t\t<div class=\"elementor-widget-container\">\n\t\t\t\t\t<div  class=\"jeg-elementor-kit jkit-heading  align-center align-tablet- align-mobile- jeg_module___6a0420e2c90cf\" ><div class=\"heading-section-title  display-inline-block\"><h2 class=\"heading-title\">Policy <span class=\"style-color\"><span>Privacy<\/span><\/span><\/h2><\/div><\/div>\t\t\t\t<\/div>\n\t\t\t\t<\/div>\n\t\t\t\t<div class=\"elementor-element elementor-element-8ca17c5 elementor-widget elementor-widget-text-editor\" data-id=\"8ca17c5\" data-element_type=\"widget\" data-e-type=\"widget\" data-widget_type=\"text-editor.default\">\n\t\t\t\t<div class=\"elementor-widget-container\">\n\t\t\t\t\t\t\t\t\t<p>You know how we protect your personal data and we guarantee the confidentiality of the information that you share with us.<\/p>\t\t\t\t\t\t\t\t<\/div>\n\t\t\t\t<\/div>\n\t\t\t\t<\/div>\n\t\t\t\t\t<\/div>\n\t\t\t\t<\/div>\n\t\t<div class=\"elementor-element elementor-element-1ecc6735 e-flex e-con-boxed e-con e-parent\" data-id=\"1ecc6735\" data-element_type=\"container\" data-e-type=\"container\" data-settings=\"{&quot;_ha_eqh_enable&quot;:false}\">\n\t\t\t\t\t<div class=\"e-con-inner\">\n\t\t<div class=\"elementor-element elementor-element-70a4df9f e-con-full e-flex e-con e-child\" data-id=\"70a4df9f\" data-element_type=\"container\" data-e-type=\"container\" data-settings=\"{&quot;background_background&quot;:&quot;classic&quot;,&quot;_ha_eqh_enable&quot;:false}\">\n\t\t\t\t<\/div>\n\t\t\t\t\t<\/div>\n\t\t\t\t<\/div>\n\t\t<div class=\"elementor-element elementor-element-3a7148b e-flex e-con-boxed e-con e-parent\" data-id=\"3a7148b\" data-element_type=\"container\" data-e-type=\"container\" data-settings=\"{&quot;_ha_eqh_enable&quot;:false}\">\n\t\t\t\t\t<div class=\"e-con-inner\">\n\t\t<div class=\"elementor-element elementor-element-17f38b9 e-con-full e-flex e-con e-child\" data-id=\"17f38b9\" data-element_type=\"container\" data-e-type=\"container\" data-settings=\"{&quot;_ha_eqh_enable&quot;:false}\">\n\t\t\t\t<div class=\"elementor-element elementor-element-a63f2f3 elementor-widget elementor-widget-text-editor\" data-id=\"a63f2f3\" data-element_type=\"widget\" data-e-type=\"widget\" data-widget_type=\"text-editor.default\">\n\t\t\t\t<div class=\"elementor-widget-container\">\n\t\t\t\t\t\t\t\t\t<h6><strong>1. Introduction<\/strong><\/h6><p>In ChucaoTech, we are committed to protecting the privacy of our customers, users and visitors. This policy describes how we collect, use and safeguard the personal information you share with us when you use our services and products related to nanobubbles.<\/p><h6><strong>2. Information we Collect<\/strong><\/h6><p>Personal information: Name, email address, phone number, and other information provided through the contact forms or subscription.<br \/>Technical information: information such as your IP address, browser type, and navigation patterns, collected automatically when you visit our web site.<\/p><h6><strong>3. Use of Information<\/strong><\/h6><p>We use your information to:<\/p><p>Respond to your inquiries about our services and products.<br \/>Customize and improve your experience on our website.<br \/>Sending relevant information about new products, promotions and updates (with your consent).<br \/>Comply with legal and regulatory requirements.<\/p><h6><strong>4. Protection of Information<\/strong><\/h6><p>We adopt technical and organizational measures to protect your personal data against unauthorized access, loss, alteration or disclosure. We work with trusted suppliers that meet high safety standards.<\/p>\t\t\t\t\t\t\t\t<\/div>\n\t\t\t\t<\/div>\n\t\t\t\t<\/div>\n\t\t<div class=\"elementor-element elementor-element-485728c e-con-full e-flex e-con e-child\" data-id=\"485728c\" data-element_type=\"container\" data-e-type=\"container\" data-settings=\"{&quot;_ha_eqh_enable&quot;:false}\">\n\t\t\t\t<div class=\"elementor-element elementor-element-df62f57 elementor-widget elementor-widget-text-editor\" data-id=\"df62f57\" data-element_type=\"widget\" data-e-type=\"widget\" data-widget_type=\"text-editor.default\">\n\t\t\t\t<div class=\"elementor-widget-container\">\n\t\t\t\t\t\t\t\t\t<h6><strong>5. Share Information<\/strong><\/h6><p>We do not share, sell, or rent your personal data to third parties, except in the following cases:<\/p><p>When it is necessary to provide our services (for example, with technology providers).<br \/>When required by law or regulatory authorities.<\/p><h6><strong>6. Your Rights<\/strong><\/h6><p>As a user, you have the right to:<\/p><p>Access to your personal data.<br \/>Request the correction or deletion of incorrect information or unnecessary.<br \/>To withdraw your consent to receive marketing and promotional communications.<\/p><h6><strong>7. Cookies<\/strong><\/h6><p>Our website uses cookies to improve your browsing experience. You can manage the cookies from your browser settings.<\/p><h6><strong>8. Changes in the Privacy Policy<\/strong><\/h6><p>We reserve the right to update this policy as necessary. We recommend you review it periodically to stay informed about how we are protecting your information.<\/p><h6><strong>9. Contact<\/strong><\/h6><p>If you have questions or concerns about our privacy policy or the handling of your personal data, please contact us at:<\/p><p>E-mail: <a href=\"mailto:info@chucaotec.com\" target=\"_blank\" rel=\"noopener\">info@chucaotec.com<\/a><br \/>Phone:\u00a0 <a href=\"tel:+56952876364\">+56 9 5287 6364<\/a><\/p>\t\t\t\t\t\t\t\t<\/div>\n\t\t\t\t<\/div>\n\t\t\t\t<\/div>\n\t\t\t\t\t<\/div>\n\t\t\t\t<\/div>\n\t\t\t\t<\/div>","protected":false},"excerpt":{"rendered":"<p>Pol\u00edtica de Privacidad Conoce c\u00f3mo protegemos tus datos personales y garantizamos la confidencialidad de la informaci\u00f3n que compartes con nosotros. 1. Introducci\u00f3n En ChucaoTech, nos comprometemos a proteger la privacidad de nuestros clientes, usuarios y visitantes. Esta pol\u00edtica detalla c\u00f3mo recopilamos, usamos y protegemos la informaci\u00f3n personal que compartes con nosotros al utilizar nuestros servicios [&hellip;]<\/p>\n","protected":false},"author":2,"featured_media":0,"parent":0,"menu_order":0,"comment_status":"closed","ping_status":"closed","template":"elementor_header_footer","meta":{"footnotes":""},"class_list":["post-639","page","type-page","status-publish","hentry"],"_links":{"self":[{"href":"https:\/\/chucaotech.com\/en\/wp-json\/wp\/v2\/pages\/639","targetHints":{"allow":["GET"]}}],"collection":[{"href":"https:\/\/chucaotech.com\/en\/wp-json\/wp\/v2\/pages"}],"about":[{"href":"https:\/\/chucaotech.com\/en\/wp-json\/wp\/v2\/types\/page"}],"author":[{"embeddable":true,"href":"https:\/\/chucaotech.com\/en\/wp-json\/wp\/v2\/users\/2"}],"replies":[{"embeddable":true,"href":"https:\/\/chucaotech.com\/en\/wp-json\/wp\/v2\/comments?post=639"}],"version-history":[{"count":9,"href":"https:\/\/chucaotech.com\/en\/wp-json\/wp\/v2\/pages\/639\/revisions"}],"predecessor-version":[{"id":1076,"href":"https:\/\/chucaotech.com\/en\/wp-json\/wp\/v2\/pages\/639\/revisions\/1076"}],"wp:attachment":[{"href":"https:\/\/chucaotech.com\/en\/wp-json\/wp\/v2\/media?parent=639"}],"curies":[{"name":"wp","href":"https:\/\/api.w.org\/{rel}","templated":true}]}}